{"id":2200,"date":"2021-10-21T11:31:32","date_gmt":"2021-10-21T09:31:32","guid":{"rendered":"https:\/\/energopoznan.pl\/polityka-prywatnosci\/"},"modified":"2021-11-29T14:41:21","modified_gmt":"2021-11-29T13:41:21","slug":"datenschutz-bestimmungen","status":"publish","type":"page","link":"https:\/\/energopoznan.pl\/de\/datenschutz-bestimmungen\/","title":{"rendered":"Datenschutz-Bestimmungen"},"content":{"rendered":"\n<p>Ochrona prywatno\u015bci i poufno\u015b\u0107 danych osobowych, w tym danych zebranych w zwi\u0105zku z korzystaniem przez Pa\u0144stwa ze strony internetowej energopoznan.pl oraz wprowadzanych do formularza elektronicznego na stronie internetowej energopoznan.pl, ma dla nas ogromne znaczenie. W zwi\u0105zku z tym poni\u017cej przedstawiamy informacj\u0119 wyja\u015bniaj\u0105c\u0105 stosowane przez nas zasady gromadzenia, przetwarzania i wykorzystywania danych osobowych.<\/p>\n\n\n\n<p>Niniejsza Polityka prywatno\u015bci (dalej: Polityka) okre\u015bla zasady przetwarzania danych osobowych przez Energomonta\u017c-Pozna\u0144 sp\u00f3\u0142ka z ograniczon\u0105 odpowiedzialno\u015bci\u0105 sp\u00f3\u0142ka komandytowa, prawa os\u00f3b, kt\u00f3rych te dane dotycz\u0105 (Dzia\u0142 \u201eDane osobowe\u201d) oraz przybli\u017ca informacje o danych informatycznych &#8211; tzw. plikach cookies (Dzia\u0142 \u201ePliki Cookies\u201d).<\/p>\n\n\n\n<pre class=\"wp-block-code\"><code>I. DANE OSOBOWE <\/code><\/pre>\n\n\n\n<p>Maj\u0105c na uwadze fakt, i\u017c z dniem 25 maja 2018 r. zmieniaj\u0105 si\u0119 obowi\u0105zuj\u0105ce przepisy z zakresu ochrony danych osobowych, bowiem obowi\u0105zywa\u0107 zaczyna Og\u00f3lne Rozporz\u0105dzenie z dnia 27 kwietnia 2016 r. o ochronie danych osobowych (\u201eRODO\u201d), zgodnie z art. 13 ust. 1 i ust. 2 RODO informujemy, i\u017c poni\u017cej znajd\u0105 Pa\u0144stwo informacje dotycz\u0105ce przetwarzania Pa\u0144stwa danych:<\/p>\n\n\n\n<pre class=\"wp-block-code\"><code>1. To\u017csamo\u015b\u0107 i dane kontaktowe Administratora<\/code><\/pre>\n\n\n\n<p>Administratorem Pa\u0144stwa danych osobowych, w tym danych osobowych strony internetowej energopoznan.pl oraz danych osobowych wprowadzanych do elektronicznego formularza kontaktowego, jest Energomonta\u017c-Pozna\u0144 sp\u00f3\u0142ka z ograniczon\u0105 odpowiedzialno\u015bci\u0105 sp\u00f3\u0142ka komandytowa z siedzib\u0105 w Poznaniu (60-476) ul. Jasielska 10 (dalej: \u201eAdministrator\u201d lub \u201eENERGOMONTA\u017b-POZNA\u0143\u201d).<\/p>\n\n\n\n<p>Kontakt z Administratorem mo\u017cliwy jest za pomoc\u0105 poczty elektronicznej (pod adresem: energo@energopoznan.pl) lub listownie na adres: Energomonta\u017c-Pozna\u0144 sp\u00f3\u0142ka z ograniczon\u0105 odpowiedzialno\u015bci\u0105 sp\u00f3\u0142ka komandytowa z siedzib\u0105 w Poznaniu (60-476) ul. Jasielska 10<\/p>\n\n\n\n<pre class=\"wp-block-code\"><code>2. Cele przetwarzania danych osobowych oraz podstawy prawne przetwarzania <\/code><\/pre>\n\n\n\n<p>Dane osobowe przetwarzane b\u0119d\u0105 w celu:<\/p>\n\n\n\n<pre class=\"wp-block-code\"><code>1) umo\u017cliwienia Pa\u0144stwu skontaktowania si\u0119 z Administratorem oraz komunikacji zwi\u0105zanej ze sprzeda\u017c\u0105 produkt\u00f3w lub \u015bwiadczeniem us\u0142ug, a tak\u017ce w celu prowadzenia marketingu bezpo\u015bredniego (podstaw\u0105 przetwarzania danych jest udzielona przez Pa\u0144stwa dobrowolna zgoda; art. 6 ust. 1 lit a RODO), \n\n2) wykonania zawartej z Pa\u0144stwem umowy, sprzeda\u017cy produkt\u00f3w, realizacji us\u0142ug \u015bwiadczonych przez Administratora (art. 6 ust. 1 lit b RODO), \n\n3) wype\u0142nienia obowi\u0105zku prawnego ci\u0105\u017c\u0105cego na Administratorze: wywi\u0105zywania si\u0119 z obowi\u0105zk\u00f3w ksi\u0119gowych i podatkowych, np. wystawienie i przechowywanie dokument\u00f3w ksi\u0119gowych, w tym faktur, obs\u0142uga prawa do odst\u0105pienia od umowy oraz reklamacji w terminie i formie przewidzianej przez przepisy prawa (art. 6 ust. 1 lit c RODO); \n\n4) dochodzenia przys\u0142uguj\u0105cych roszcze\u0144, przesy\u0142ania informacji zwi\u0105zanych ze sprzeda\u017c\u0105 produkt\u00f3w oraz realizacj\u0105 us\u0142ug przez Administratora oraz innym celu w zakresie niezb\u0119dnym do realizacji prawnie uzasadnionych interes\u00f3w Administratora (art. 6 ust. 1 lit f RODO). <\/code><\/pre>\n\n\n\n<p>W celu zapewnienia Pa\u0144stwu mo\u017cliwo\u015bci kontaktu z ENERGOMONTA\u017b-POZNA\u0143, na stronie internetowej energopoznan.pl udost\u0119pniony zosta\u0142 formularz kontaktowy, kt\u00f3ry umo\u017cliwia zebranie nast\u0119puj\u0105cych danych: imi\u0119 i nazwisko, nazwa firmy, telefon kontaktowy, miejscowo\u015b\u0107 i kod pocztowy, e-mail. Podanie danych zawartych w formularzu kontaktowym jest ca\u0142kowicie dobrowolne, natomiast brak podania danych b\u0119dzie skutkowa\u0142 brakiem mo\u017cliwo\u015bci skontaktowania si\u0119 z Pa\u0144stwem przez Energomonta\u017c-Pozna\u0144.<\/p>\n\n\n\n<pre class=\"wp-block-code\"><code>3. Informacje o odbiorcach danych osobowych lub o kategoriach odbiorc\u00f3w <\/code><\/pre>\n\n\n\n<p>Pa\u0144stwa dane mo\u017cemy udost\u0119pnia\u0107:<\/p>\n\n\n\n<pre class=\"wp-block-code\"><code>1. podmiotom przetwarzaj\u0105cym dane w imieniu ENERGOMONTA\u017b-POZNA\u0143, \n2. podmiotom wsp\u00f3\u0142pracuj\u0105cym z ENERGOMONTA\u017b-POZNA\u0143 przy wykonywaniu zawartej z Pa\u0144stwem umowy (w tym podwykonawcom, projektantom, dostawcom), \n3. doradcom ENERGOMONTA\u017b-POZNA\u0143 w prowadzonej dzia\u0142alno\u015bci gospodarczej (w tym doradztwo prawne, podatkowe, rachunkowe), \n4. podmiotom \u015bwiadcz\u0105cym na rzecz ENERGOMONTA\u017b-POZNA\u0143 us\u0142ugi zwi\u0105zane ze wsparciem w zakresie dochodzenia i windykacji nale\u017cnych roszcze\u0144 (firmom windykacyjnym), \n5. podmiotom \u015bwiadcz\u0105cym na rzecz ENERGOMONTA\u017b-POZNA\u0143 us\u0142ugi zwi\u0105zane ze wsparciem informatycznym i programistycznym, \n6. firmom kurierskim oraz operatorom pocztowym w zakresie niezb\u0119dnym do \u015bwiadczenia us\u0142ug na rzecz ENERGOMONTA\u017b-POZNA\u0143, \n7. podmiotom uprawionym przepisami prawa. \n\n4. Informacje o zamiarze przekazania danych osobowych do pa\u0144stwa trzeciego lub organizacji mi\u0119dzynarodowej oraz warunkach tego przekazania <\/code><\/pre>\n\n\n\n<p>Pa\u0144stwa dane nie b\u0119d\u0105 przekazywane do pa\u0144stwa trzeciego lub organizacji mi\u0119dzynarodowej, z zastrze\u017ceniem, i\u017c Pa\u0144stwa dane osobowe mog\u0105 by\u0107 przekazywane poza Europejski Obszar Gospodarczy jedynie do Google w przypadku wyra\u017cenia zgody na korzystanie z plik\u00f3w Cookies.<\/p>\n\n\n\n<pre class=\"wp-block-code\"><code>5. Okres, przez kt\u00f3ry dane osobowe b\u0119d\u0105 przechowywane, a gdy nie jest to mo\u017cliwe, kryteria ustalania tego okresu <\/code><\/pre>\n\n\n\n<p>Okres, przez kt\u00f3ry dane osobowe b\u0119d\u0105 przechowywane uzale\u017cniony jest od celu, w kt\u00f3rym Pa\u0144stwa dane s\u0105 przetwarzane. Pa\u0144stwa dane przetwarzane b\u0119d\u0105 przez czas trwania umowy oraz czas po jej zako\u0144czeniu, a\u017c do momentu poprawnego wykonania umowy, przez czas niezb\u0119dny do wykonania ci\u0105\u017c\u0105cego na Administratorze obowi\u0105zku prawnego (w szczeg\u00f3lno\u015bci przez okres wynikaj\u0105cy z przedawnienia roszcze\u0144, praw konsumenta, prowadzenia ksi\u0119gowo\u015bci oraz realizacji innych uprawnie\u0144 i obowi\u0105zk\u00f3w Administratora) oraz przez czas niezb\u0119dny do realizacji prawnie uzasadnionych interes\u00f3w Administratora. Dane osobowe udost\u0119pnione poprzez formularz kontaktowy przetwarzane b\u0119d\u0105 przez okres niezb\u0119dny do udzielenia odpowiedzi na zapytanie lub za\u0142atwienia sprawy. Je\u015bli podstaw\u0105 przetwarzania danych osobowych jest Pa\u0144stwa zgoda, to dane przetwarzane s\u0105 nie d\u0142u\u017cej ni\u017c do momentu wycofania zgody lub wniesienia przez Pa\u0144stwa sprzeciwu wobec takiego przetwarzania. Po up\u0142ywie powy\u017cszych okres\u00f3w dane zostan\u0105 usuni\u0119te lub poddane anonimizacji.<\/p>\n\n\n\n<pre class=\"wp-block-code\"><code>6. Informacje o przys\u0142uguj\u0105cych osobie, kt\u00f3rej dane dotycz\u0105 prawach <\/code><\/pre>\n\n\n\n<p>W zwi\u0105zku z przetwarzaniem Pa\u0144stwa danych osobowych, maj\u0105 Pa\u0144stwo prawo do \u017c\u0105dania dost\u0119pu do danych osobowych, ich sprostowania, usuni\u0119cia lub ograniczenia przetwarzania, prawo do wniesienia sprzeciwu wobec przetwarzania, prawo do przenoszenia danych.<\/p>\n\n\n\n<pre class=\"wp-block-code\"><code>7. Je\u017celi przetwarzanie odbywa si\u0119 na podstawie zgody, informacje o prawie do jej cofni\u0119cia; w dowolnym momencie bez wp\u0142ywu na zgodno\u015b\u0107 z prawem przetwarzania, kt\u00f3rego dokonano na jej podstawie jej cofni\u0119ciem <\/code><\/pre>\n\n\n\n<p>Informujemy, \u017ce w przypadku, gdy przetwarzanie odbywa si\u0119 na podstawie zgody, Pa\u0144stwa zgoda mo\u017ce zosta\u0107 cofni\u0119ta w dowolnym momencie przez wys\u0142anie wiadomo\u015bci e-mail na adres: energo@energopoznan.pl spod adresu, kt\u00f3rego zgoda dotyczy. Cofni\u0119cie zgody nie ma wp\u0142ywu na zgodno\u015b\u0107 z prawem przetwarzania danych, kt\u00f3rego dokonano na podstawie zgody przed jej wycofaniem.<\/p>\n\n\n\n<pre class=\"wp-block-code\"><code>8. Informacje o prawie wniesienia skargi do organu nadzorczego <\/code><\/pre>\n\n\n\n<p>W zwi\u0105zku z przetwarzaniem Pa\u0144stwa danych osobowych, maj\u0105 Pa\u0144stwo prawo do wniesienia skargi do organu nadzorczego (Prezesa Urz\u0119du Ochrony Danych Osobowych) w przypadku uznania, \u017ce przetwarzanie danych osobowych narusza przepisy Og\u00f3lnego rozporz\u0105dzenia o ochronie danych.<\/p>\n\n\n\n<pre class=\"wp-block-code\"><code>9. Informacje, czy podanie danych osobowych jest wymogiem ustawowym lub umownym lub warunkiem zawarcia umowy oraz czy osoba, kt\u00f3rej dane dotycz\u0105, jest zobowi\u0105zana do ich podania i jakie s\u0105 ewentualne konsekwencje niepodania danych <\/code><\/pre>\n\n\n\n<p>Podanie przez Pa\u0144stwa danych osobowych jest dobrowolne, jednak stanowi warunek zawarcia i wykonywania umowy z ENERGOMONTA\u017b-POZNA\u0143, wynika z realizacji obowi\u0105zk\u00f3w wynikaj\u0105cych z przepis\u00f3w prawa, jest niezb\u0119dne do realizacji cel\u00f3w wynikaj\u0105cych z prawnie uzasadnionych interes\u00f3w ENERGOMONTA\u017b-POZNA\u0143. Niepodanie przez Pa\u0144stwa wszystkich wymaganych danych osobowych b\u0119dzie stanowi\u0142o przeszkod\u0119 do zawarcia i wykonania umowy lub skontaktowania si\u0119 z Pa\u0144stwem w celu udzielenia odpowiedzi na Pa\u0144stwa pytanie.<\/p>\n\n\n\n<pre class=\"wp-block-code\"><code>10. Informacje o zautomatyzowanym podejmowaniu decyzji, w tym o profilowaniu <\/code><\/pre>\n\n\n\n<p>Pa\u0144stwa dane osobowe nie b\u0119d\u0105 przetwarzane w spos\u00f3b zautomatyzowany (w tym z wykorzystaniem profilowania).<\/p>\n\n\n\n<pre class=\"wp-block-code\"><code>II. ZMIANA POLITYKI PRYWATNO\u015aCI I KONTAKT <\/code><\/pre>\n\n\n\n<p>Polityka prywatno\u015bci jest przez Administratora stale weryfikowana i w razie potrzeby aktualizowana. Administrator zastrzega sobie prawo zmiany polityki prywatno\u015bci, je\u015bli b\u0119dzie wymaga\u0107 tego obowi\u0105zuj\u0105ce prawo, zmianie ulegn\u0105 warunki technologiczne funkcjonowania strony internetowej lub zmiana b\u0119dzie wprowadza\u0107 standard wy\u017cszy od minimum wymaganego prawem.<\/p>\n\n\n\n<p>W razie jakichkolwiek w\u0105tpliwo\u015bci co do bezpiecze\u0144stwa Pa\u0144stwa danych osobowych zapraszamy do kontaktu z Administratorem .<\/p>\n\n\n\n<pre class=\"wp-block-code\"><code>III. PLIKI COOKIES <\/code><\/pre>\n\n\n\n<p>Niniejszy Dzia\u0142 dotyczy plik\u00f3w \u201ecookies\u201d i odnosi si\u0119 do stron internetowych, kt\u00f3rych operatorem jest Energomonta\u017c-Pozna\u0144 sp\u00f3\u0142ka z ograniczon\u0105 odpowiedzialno\u015bci\u0105 sp\u00f3\u0142ka komandytowa (zwanych dalej \u201eStronami internetowymi\u201d).<\/p>\n\n\n\n<p>Serwis nie zbiera w spos\u00f3b automatyczny \u017cadnych informacji, z wyj\u0105tkiem informacji zawartych w plikach cookies.<\/p>\n\n\n\n<p><strong>Czym s\u0105 pliki cookies?<\/strong><\/p>\n\n\n\n<p>Pliki cookies (tzw. \u201eciasteczka\u201d) stanowi\u0105 dane informatyczne, w szczeg\u00f3lno\u015bci pliki tekstowe, kt\u00f3re przechowywane s\u0105 w urz\u0105dzeniu ko\u0144cowym U\u017cytkownika Serwisu i przeznaczone s\u0105 do korzystania ze stron internetowych Serwisu. Cookies zazwyczaj zawieraj\u0105 nazw\u0119 strony internetowej, z kt\u00f3rej pochodz\u0105, czas przechowywania ich na urz\u0105dzeniu ko\u0144cowym oraz unikalny numer.<\/p>\n\n\n\n<p><strong>Jakich plik\u00f3w cookies u\u017cywamy?<\/strong><\/p>\n\n\n\n<p>Stosowane s\u0105 trzy rodzaje plik\u00f3w cookies: sesyjne, sta\u0142e i zewn\u0119trzne.<\/p>\n\n\n\n<p>Sesyjne pliki cookies to niezb\u0119dne pliki cookies, kt\u00f3re umo\u017cliwiaj\u0105 poruszanie si\u0119 w obr\u0119bie witryny internetowej i korzystanie z podstawowych jej funkcji. Stosowane one s\u0105 w ramach jednej sesji. Cookies sesyjne s\u0105 plikami tymczasowymi, kt\u00f3re przechowywane s\u0105 w urz\u0105dzeniu ko\u0144cowym U\u017cytkownika do czasu wylogowania, opuszczenia strony internetowej lub wy\u0142\u0105czenia oprogramowania (przegl\u0105darki internetowej). Mog\u0105 one s\u0142u\u017cy\u0107 do identyfikacji u\u017cytkownik\u00f3w jako zalogowanych lub do zagwarantowania po\u0142\u0105czenia z odpowiednim serwisem na stronie internetowej, podczas wprowadzania jakichkolwiek modyfikacji w dzia\u0142aniu tej strony.<\/p>\n\n\n\n<p>Sta\u0142e pliki cookies pozostaj\u0105 na urz\u0105dzeniu u\u017cytkownika przez czas okre\u015blony w parametrach plik\u00f3w cookies albo do momentu ich r\u0119cznego usuni\u0119cia przez u\u017cytkownika. Sta\u0142e pliki cookies zapewniaj\u0105 okre\u015blone funkcje nie tylko w ramach jednej sesji, lecz podczas ca\u0142ego czasu przechowywania danego pliku na komputerze. S\u0105 to pliki zwi\u0105zane z wydajno\u015bci\u0105 us\u0142ugi oraz jej funkcjonalno\u015bciami. Za pomoc\u0105 plik\u00f3w cookies zwi\u0105zanych z wydajno\u015bci\u0105 mog\u0105 by\u0107 zbierane informacje na temat sposobu korzystania z witryny, w tym dane na temat odwiedzanych przez u\u017cytkownika podstron oraz ewentualnych b\u0142\u0119d\u00f3w. Pliki cookies zwi\u0105zane z funkcjonalno\u015bci\u0105 u\u0142atwiaj\u0105 \u015bwiadczenie us\u0142ug i zapami\u0119tuj\u0105 ustawienia maj\u0105ce na celu u\u0142atwienie u\u017cytkownikom korzystanie z naszej us\u0142ugi. Trwa\u0142e pliki cookies nie gromadz\u0105 \u017cadnych informacji, kt\u00f3re mog\u0142yby ujawni\u0107 to\u017csamo\u015b\u0107 u\u017cytkownika. S\u0105 one przetwarzane jako anonimowe dane i s\u0142u\u017c\u0105 wy\u0142\u0105cznie do usprawnienia dzia\u0142ania strony lub aplikacji, rozpoznania zainteresowa\u0144 os\u00f3b odwiedzaj\u0105cych i mierzenia skuteczno\u015bci reklam. Mog\u0105 by\u0107 one u\u017cywane m.in. do zdobywania statystyk na temat sposobu korzystania ze strony internetowej i aplikacji, sprawdzania skuteczno\u015bci reklam, usprawnienia dzia\u0142ania strony internetowej za pomoc\u0105 rejestrowania pojawiaj\u0105cych si\u0119 b\u0142\u0119d\u00f3w lub pokazywania u\u017cytkownikom, \u017ce s\u0105 zalogowani na stronie internetowej.<\/p>\n\n\n\n<p>Zewn\u0119trzne pliki cookies wykorzystywane przez partner\u00f3w operatora strony internetowej, w tym w szczeg\u00f3lno\u015bci u\u017cytkownik\u00f3w strony internetowej, podlegaj\u0105 ich w\u0142asnej polityce prywatno\u015bci. Zewn\u0119trzne pliki cookies to pliki umo\u017cliwiaj\u0105ce wsp\u00f3\u0142prac\u0119 z zewn\u0119trznymi firmami lub serwisami. W\u015br\u00f3d nich s\u0105 cookies badawcze dostarczaj\u0105ce systemom analitycznym dane o popularno\u015bci us\u0142ugi. S\u0105 to te\u017c pliki zwi\u0105zane z takimi us\u0142ugami, jak przycisk &#8218;Like\u2019 czy &#8218;Share&#8216;. Zewn\u0119trzne pliki cookies s\u0142u\u017c\u0105 m.in. do po\u0142\u0105czenia z serwisami spo\u0142eczno\u015bciowymi (np. Facebook), kt\u00f3re nast\u0119pnie mog\u0105 stosowa\u0107 informacje dotycz\u0105ce odwiedzin poszczeg\u00f3lnych u\u017cytkownik\u00f3w do profilowania reklam na innych stronach internetowych.<\/p>\n\n\n\n<p><strong>Do czego u\u017cywamy plik\u00f3w cookies?<\/strong><\/p>\n\n\n\n<p>Pliki cookies u\u017cywane s\u0105 w celu dostosowania zawarto\u015bci stron internetowych do preferencji u\u017cytkownika oraz optymalizacji korzystania ze stron internetowych. W szczeg\u00f3lno\u015bci pliki te pozwalaj\u0105 rozpozna\u0107 urz\u0105dzenie U\u017cytkownika Serwisu i odpowiednio wy\u015bwietli\u0107 stron\u0119 internetow\u0105, dostosowan\u0105 do jego indywidualnych potrzeb.<\/p>\n\n\n\n<p>Cookies mog\u0105 by\u0107 u\u017cywane r\u00f3wnie\u017c w celu tworzenia anonimowych, zagregowanych statystyk, kt\u00f3re pomagaj\u0105 zrozumie\u0107 w jaki spos\u00f3b u\u017cytkownik korzysta ze stron internetowych co umo\u017cliwia ulepszanie ich struktury i zawarto\u015bci, z wy\u0142\u0105czeniem personalnej identyfikacji u\u017cytkownika.<\/p>\n\n\n\n<p>Cookies mog\u0105 by\u0107 r\u00f3wnie\u017c wykorzystane w celu utrzymania sesji U\u017cytkownika Serwisu (po zalogowaniu), dzi\u0119ki kt\u00f3rej U\u017cytkownik nie musi na ka\u017cdej podstronie Serwisu ponownie wpisywa\u0107 loginu i has\u0142a.<\/p>\n\n\n\n<p>Serwis umo\u017cliwia innym podmiotom wykorzystywanie mechanizmu cookies na stronach internetowych. S\u0105 to m.in. podmioty udostepniaj\u0105ce tzw. wtyczki spo\u0142eczno\u015bciowe, w szczeg\u00f3lno\u015bci serwisy Facebook, Youtube, Twitter, Wykop, Google+.<\/p>\n\n\n\n<p>Serwis mo\u017ce wykorzysta\u0107 pliki cookies w celu pokazania u\u017cytkownikowi interesuj\u0105cej go reklamy, na stronach internetowych, jak i poza nimi. Mo\u017cemy tak\u017ce wykorzysta\u0107 pliki cookies, aby dowiedzie\u0107 si\u0119, czy u\u017cytkownicy, kt\u00f3rzy widzieli reklam\u0119 na stronach Serwisu, odwiedzili w rezultacie witryn\u0119 reklamodawcy.<\/p>\n\n\n\n<p>W podobny spos\u00f3b, nasi partnerzy mog\u0105 korzysta\u0107 z plik\u00f3w cookies, aby ustali\u0107, czy pokazali\u015bmy ich reklam\u0119, jakie by\u0142y tego rezultaty oraz dostarczy\u0107 nam informacji, w jaki spos\u00f3b u\u017cytkownicy reaguj\u0105 na nie. Mo\u017cemy tak\u017ce wsp\u00f3\u0142pracowa\u0107 z partnerem, aby pokaza\u0107 u\u017cytkownikowi reklam\u0119 na stronach internetowych Serwisu lub poza nimi, po odwiedzeniu przez u\u017cytkownika witryny lub aplikacji.<\/p>\n\n\n\n<p><strong>Czy pliki cookies zawieraj\u0105 dane osobowe?<\/strong><\/p>\n\n\n\n<p>Dane osobowe gromadzone przy u\u017cyciu plik\u00f3w cookies mog\u0105 by\u0107 zbierane wy\u0142\u0105cznie w celu wykonywania okre\u015blonych funkcji na rzecz u\u017cytkownika. Takie dane s\u0105 zaszyfrowane w spos\u00f3b uniemo\u017cliwiaj\u0105cy dost\u0119p do nich osobom nieuprawnionym.<\/p>\n\n\n\n<p><strong>Usuwanie plik\u00f3w cookies<\/strong><\/p>\n\n\n\n<p>Standardowo oprogramowanie s\u0142u\u017c\u0105ce do przegl\u0105dania stron internetowych domy\u015blnie dopuszcza umieszczanie plik\u00f3w cookies na urz\u0105dzeniu ko\u0144cowym. Ustawienia te mog\u0105 zosta\u0107 zmienione w taki spos\u00f3b, aby blokowa\u0107 automatyczn\u0105 obs\u0142ug\u0119 plik\u00f3w cookies w ustawieniach przegl\u0105darki internetowej b\u0105d\u017a informowa\u0107 o ich ka\u017cdorazowym przes\u0142aniu na urz\u0105dzenie u\u017cytkownika. Szczeg\u00f3\u0142owe informacje o mo\u017cliwo\u015bci i sposobach obs\u0142ugi plik\u00f3w cookies dost\u0119pne s\u0105 w ustawieniach oprogramowania (przegl\u0105darki internetowej). Ograniczenie stosowania plik\u00f3w cookies, mo\u017ce wp\u0142yn\u0105\u0107 na niekt\u00f3re funkcjonalno\u015bci dost\u0119pne na stronie internetowej.<\/p>\n\n\n\n<p><strong>Zarz\u0105dzanie plikami cookies<\/strong><\/p>\n\n\n\n<p>Je\u015bli u\u017cytkownik nie chce otrzymywa\u0107 plik\u00f3w cookies, mo\u017ce zmieni\u0107 ustawienia przegl\u0105darki. Wy\u0142\u0105czenie obs\u0142ugi plik\u00f3w cookies niezb\u0119dnych dla uwierzytelniania, bezpiecze\u0144stwa, utrzymania preferencji u\u017cytkownika, mo\u017ce utrudni\u0107 korzystanie ze stron internetowych Serwisu, w skrajnych przypadkach mo\u017ce uniemo\u017cliwi\u0107 korzystanie ze stron internetowych.<\/p>\n\n\n\n<p>W celu zarz\u0105dzania przechowywaniem i dost\u0119pem do plik\u00f3w cookies nale\u017cy zmieni\u0107 ustawienia swojej przegl\u0105darki internetowej.<\/p>\n\n\n\n<pre class=\"wp-block-code\"><code>IV. Logi serwera<\/code><\/pre>\n\n\n\n<p>Informacje o niekt\u00f3rych zachowaniach u\u017cytkownik\u00f3w podlegaj\u0105 logowaniu w warstwie serwerowej. Dane te s\u0105 wykorzystywane wy\u0142\u0105cznie w celu administrowania Serwisem, serwerem (na kt\u00f3rym znajduje si\u0119 Serwis) oraz w celu zapewnienia jak najbardziej sprawnej obs\u0142ugi \u015bwiadczonych us\u0142ug przez hostingodawc\u0119 oraz w\u0142a\u015bciciela serwisu.<\/p>\n\n\n\n<p>Zapisowi mog\u0105 podlega\u0107: czas nadej\u015bcia zapytania, czas wys\u0142ania odpowiedzi, nazwa stacji klienta &#8211; identyfikacja realizowana przez protok\u00f3\u0142 HTTP, informacje o b\u0142\u0119dach jakie nast\u0105pi\u0142y przy realizacji transakcji HTTP, adres URL strony poprzednio odwiedzanej przez u\u017cytkownika (referer link) &#8211; w przypadku, gdy przej\u015bcie do Serwisu nast\u0105pi\u0142o przez odno\u015bnik, informacje o przegl\u0105darce U\u017cytkownika, informacje o adresie IP komputera U\u017cytkownika.<\/p>\n\n\n\n<p>Dane powy\u017csze nie s\u0105 kojarzone z konkretnymi osobami przegl\u0105daj\u0105cymi strony.<\/p>\n\n\n\n<pre class=\"wp-block-code\"><code>V. Postanowienia ko\u0144cowe<\/code><\/pre>\n\n\n\n<p>W zakresie nieuregulowanym niniejsz\u0105 Polityk\u0105 prywatno\u015bci zastosowanie maj\u0105 przepisy prawne reguluj\u0105ce ochron\u0119 danych osobowych.<\/p>\n\n\n\n<p>Niniejsza Polityka prywatno\u015bci obowi\u0105zuje od dnia \u2026\u2026\u2026 r.<\/p>\n","protected":false},"excerpt":{"rendered":"<p>Ochrona prywatno\u015bci i poufno\u015b\u0107 danych osobowych, w tym danych zebranych w zwi\u0105zku z korzystaniem przez Pa\u0144stwa ze strony internetowej energopoznan.pl oraz wprowadzanych do formularza elektronicznego na stronie internetowej energopoznan.pl, ma&hellip;<\/p>\n","protected":false},"author":8,"featured_media":0,"parent":0,"menu_order":0,"comment_status":"closed","ping_status":"closed","template":"","meta":{"footnotes":""},"class_list":["post-2200","page","type-page","status-publish","hentry"],"_links":{"self":[{"href":"https:\/\/energopoznan.pl\/de\/wp-json\/wp\/v2\/pages\/2200","targetHints":{"allow":["GET"]}}],"collection":[{"href":"https:\/\/energopoznan.pl\/de\/wp-json\/wp\/v2\/pages"}],"about":[{"href":"https:\/\/energopoznan.pl\/de\/wp-json\/wp\/v2\/types\/page"}],"author":[{"embeddable":true,"href":"https:\/\/energopoznan.pl\/de\/wp-json\/wp\/v2\/users\/8"}],"replies":[{"embeddable":true,"href":"https:\/\/energopoznan.pl\/de\/wp-json\/wp\/v2\/comments?post=2200"}],"version-history":[{"count":0,"href":"https:\/\/energopoznan.pl\/de\/wp-json\/wp\/v2\/pages\/2200\/revisions"}],"wp:attachment":[{"href":"https:\/\/energopoznan.pl\/de\/wp-json\/wp\/v2\/media?parent=2200"}],"curies":[{"name":"wp","href":"https:\/\/api.w.org\/{rel}","templated":true}]}}